{"id":2,"date":"2023-01-12T19:13:35","date_gmt":"2023-01-12T18:13:35","guid":{"rendered":"http:\/\/kinevanloon.be\/?page_id=2"},"modified":"2026-03-10T14:05:34","modified_gmt":"2026-03-10T13:05:34","slug":"page-d-exemple","status":"publish","type":"page","link":"https:\/\/kinevanloon.be\/?page_id=2","title":{"rendered":"Les kin\u00e9sith\u00e9rapeutes"},"content":{"rendered":"\n<p><strong>Karin Van Loon<\/strong> <strong>Kalb <\/strong>est kin\u00e9sith\u00e9rapeute, form\u00e9e en cha\u00eenes musculaires GDS et conseill\u00e8re en pr\u00e9vention. Elle a compl\u00e9t\u00e9 sa formation en d\u00e9veloppant des comp\u00e9tences en ergonomie et en gestion du stress. Elle prend en charge les adultes et les enfants pour tous probl\u00e8mes d&#8217;orthop\u00e9die, de traumatologie de de douleurs musculo-squelettiques.<\/p>\n\n\n\n<p>Enrichie de son exp\u00e9rience d\u2019enseignante \u00e0 la Haute Ecole Bruxelles-Brabant dans les cursus de kin\u00e9sith\u00e9rapie et de bachelier en pr\u00e9vention, s\u00e9curit\u00e9 industrielle et environnement, elle se tient au courant des d\u00e9veloppements professionnels. &nbsp;<\/p>\n\n\n\n<p>NOUVEAU: Karin a int\u00e9gr\u00e9 r\u00e9cemment le programme <strong>FEDRIS <\/strong>d&#8217;accompagnement des personnes en burn-out comme <strong>intervenante du volet corporel<\/strong>. Les personnes peuvent b\u00e9n\u00e9ficier de 3 s\u00e9ances d&#8217;1h de prise en charge corporelle. <\/p>\n\n\n\n<p>Plus d&#8217;informations sur le site de FEDRIS. <\/p>\n\n\n\n<p><a href=\"https:\/\/www.fedris.be\/fr\/themes\/burn-out\">https:\/\/www.fedris.be\/fr\/themes\/burn-out<\/a><\/p>\n\n\n\n<p><strong>Kevin Rijs<\/strong> est kin\u00e9sith\u00e9rapeute et th\u00e9rapeute manuel selon la m\u00e9thode Sohier. Il est \u00e9galement form\u00e9 \u00e0 plusieurs techniques de gymnastique douce asiatique (Tai Chi Chuan, Qi Gong, Yi Guang, Aikido). Il prend en charge les adultes et enfants pour tous probl\u00e8mes d&#8217;orthop\u00e9die et de traumatologie.<\/p>\n\n\n\n<p>Karin et Kevin sont \u00e9galement form\u00e9s au drainage lymphatique.<\/p>\n\n\n\n<p>Les kin\u00e9sith\u00e9rapeutes ne sont pas conventionn\u00e9s. <\/p>\n","protected":false},"excerpt":{"rendered":"<p>Karin Van Loon Kalb est kin\u00e9sith\u00e9rapeute, form\u00e9e en cha\u00eenes musculaires GDS et conseill\u00e8re en pr\u00e9vention. Elle a compl\u00e9t\u00e9 sa formation en d\u00e9veloppant des comp\u00e9tences en ergonomie et en gestion du stress. Elle prend en charge les adultes et les enfants pour tous probl\u00e8mes d&#8217;orthop\u00e9die, de traumatologie de de douleurs musculo-squelettiques. Enrichie de son exp\u00e9rience d\u2019enseignante [&hellip;]<\/p>\n","protected":false},"author":1,"featured_media":0,"parent":0,"menu_order":0,"comment_status":"closed","ping_status":"open","template":"","meta":{"footnotes":""},"class_list":["post-2","page","type-page","status-publish","hentry"],"_links":{"self":[{"href":"https:\/\/kinevanloon.be\/index.php?rest_route=\/wp\/v2\/pages\/2","targetHints":{"allow":["GET"]}}],"collection":[{"href":"https:\/\/kinevanloon.be\/index.php?rest_route=\/wp\/v2\/pages"}],"about":[{"href":"https:\/\/kinevanloon.be\/index.php?rest_route=\/wp\/v2\/types\/page"}],"author":[{"embeddable":true,"href":"https:\/\/kinevanloon.be\/index.php?rest_route=\/wp\/v2\/users\/1"}],"replies":[{"embeddable":true,"href":"https:\/\/kinevanloon.be\/index.php?rest_route=%2Fwp%2Fv2%2Fcomments&post=2"}],"version-history":[{"count":6,"href":"https:\/\/kinevanloon.be\/index.php?rest_route=\/wp\/v2\/pages\/2\/revisions"}],"predecessor-version":[{"id":71,"href":"https:\/\/kinevanloon.be\/index.php?rest_route=\/wp\/v2\/pages\/2\/revisions\/71"}],"wp:attachment":[{"href":"https:\/\/kinevanloon.be\/index.php?rest_route=%2Fwp%2Fv2%2Fmedia&parent=2"}],"curies":[{"name":"wp","href":"https:\/\/api.w.org\/{rel}","templated":true}]}}