{"id":41,"date":"2023-01-15T17:27:34","date_gmt":"2023-01-15T16:27:34","guid":{"rendered":"http:\/\/kinevanloon.be\/?page_id=41"},"modified":"2023-01-15T17:27:34","modified_gmt":"2023-01-15T16:27:34","slug":"acces","status":"publish","type":"page","link":"https:\/\/kinevanloon.be\/?page_id=41","title":{"rendered":"Acc\u00e8s"},"content":{"rendered":"\n<p>Le cabinet est situ\u00e9 en face du parc Duden, au 336 chauss\u00e9e de Bruxelles \u00e0 1190 Forest.<br>Il est accessible en voiture  et le parking est ais\u00e9 (parcm\u00e8tres), en v\u00e9lo ou en transports en commun.<\/p>\n\n\n\n<p>Bus 48 (arr\u00eat Lain\u00e9) et 52 (arr\u00eat Union et Pierre Decoster) <\/p>\n\n\n\n<p>Tram 82 (arr\u00eat Union)<\/p>\n","protected":false},"excerpt":{"rendered":"<p>Le cabinet est situ\u00e9 en face du parc Duden, au 336 chauss\u00e9e de Bruxelles \u00e0 1190 Forest.Il est accessible en voiture et le parking est ais\u00e9 (parcm\u00e8tres), en v\u00e9lo ou en transports en commun. Bus 48 (arr\u00eat Lain\u00e9) et 52 (arr\u00eat Union et Pierre Decoster) Tram 82 (arr\u00eat Union)<\/p>\n","protected":false},"author":1,"featured_media":0,"parent":0,"menu_order":0,"comment_status":"closed","ping_status":"closed","template":"","meta":{"footnotes":""},"class_list":["post-41","page","type-page","status-publish","hentry"],"_links":{"self":[{"href":"https:\/\/kinevanloon.be\/index.php?rest_route=\/wp\/v2\/pages\/41","targetHints":{"allow":["GET"]}}],"collection":[{"href":"https:\/\/kinevanloon.be\/index.php?rest_route=\/wp\/v2\/pages"}],"about":[{"href":"https:\/\/kinevanloon.be\/index.php?rest_route=\/wp\/v2\/types\/page"}],"author":[{"embeddable":true,"href":"https:\/\/kinevanloon.be\/index.php?rest_route=\/wp\/v2\/users\/1"}],"replies":[{"embeddable":true,"href":"https:\/\/kinevanloon.be\/index.php?rest_route=%2Fwp%2Fv2%2Fcomments&post=41"}],"version-history":[{"count":1,"href":"https:\/\/kinevanloon.be\/index.php?rest_route=\/wp\/v2\/pages\/41\/revisions"}],"predecessor-version":[{"id":42,"href":"https:\/\/kinevanloon.be\/index.php?rest_route=\/wp\/v2\/pages\/41\/revisions\/42"}],"wp:attachment":[{"href":"https:\/\/kinevanloon.be\/index.php?rest_route=%2Fwp%2Fv2%2Fmedia&parent=41"}],"curies":[{"name":"wp","href":"https:\/\/api.w.org\/{rel}","templated":true}]}}